{"id":24,"date":"2026-02-01T14:21:13","date_gmt":"2026-02-01T11:21:13","guid":{"rendered":"https:\/\/sevdahunbatova.com\/?page_id=24"},"modified":"2026-02-01T14:21:16","modified_gmt":"2026-02-01T11:21:16","slug":"start-paketi","status":"publish","type":"page","link":"https:\/\/sevdahunbatova.com\/?page_id=24","title":{"rendered":"START Paketi"},"content":{"rendered":"\n<p><strong>Daxildir:<\/strong><\/p>\n\n\n\n<ul class=\"wp-block-list\">\n<li>12 post (dizayn + m\u0259tn)<\/li>\n\n\n\n<li>4 reels<\/li>\n\n\n\n<li>Kontent plan\u0131<\/li>\n\n\n\n<li>Bio + profil optimizasiyas\u0131<\/li>\n\n\n\n<li>Story plan\u0131<\/li>\n<\/ul>\n\n\n\n<p>\ud83d\udcb0 <strong>Qiym\u0259t:<\/strong> <strong>250 AZN \/ ayl\u0131q<\/strong><\/p>\n\n\n\n<p>\ud83d\udc49 Bu paketl\u0259 m\u0259qs\u0259d: <strong>profilin d\u00fczg\u00fcn qurulmas\u0131<\/strong><\/p>\n\n\n\n<p><\/p>\n","protected":false},"excerpt":{"rendered":"<p>Daxildir: \ud83d\udcb0 Qiym\u0259t: 250 AZN \/ ayl\u0131q \ud83d\udc49 Bu paketl\u0259 m\u0259qs\u0259d: profilin d\u00fczg\u00fcn qurulmas\u0131<\/p>\n","protected":false},"author":1,"featured_media":0,"parent":0,"menu_order":0,"comment_status":"closed","ping_status":"closed","template":"","meta":{"footnotes":""},"class_list":["post-24","page","type-page","status-publish","hentry"],"_links":{"self":[{"href":"https:\/\/sevdahunbatova.com\/index.php?rest_route=\/wp\/v2\/pages\/24","targetHints":{"allow":["GET"]}}],"collection":[{"href":"https:\/\/sevdahunbatova.com\/index.php?rest_route=\/wp\/v2\/pages"}],"about":[{"href":"https:\/\/sevdahunbatova.com\/index.php?rest_route=\/wp\/v2\/types\/page"}],"author":[{"embeddable":true,"href":"https:\/\/sevdahunbatova.com\/index.php?rest_route=\/wp\/v2\/users\/1"}],"replies":[{"embeddable":true,"href":"https:\/\/sevdahunbatova.com\/index.php?rest_route=%2Fwp%2Fv2%2Fcomments&post=24"}],"version-history":[{"count":1,"href":"https:\/\/sevdahunbatova.com\/index.php?rest_route=\/wp\/v2\/pages\/24\/revisions"}],"predecessor-version":[{"id":25,"href":"https:\/\/sevdahunbatova.com\/index.php?rest_route=\/wp\/v2\/pages\/24\/revisions\/25"}],"wp:attachment":[{"href":"https:\/\/sevdahunbatova.com\/index.php?rest_route=%2Fwp%2Fv2%2Fmedia&parent=24"}],"curies":[{"name":"wp","href":"https:\/\/api.w.org\/{rel}","templated":true}]}}