{"id":26,"date":"2026-02-01T14:22:53","date_gmt":"2026-02-01T11:22:53","guid":{"rendered":"https:\/\/sevdahunbatova.com\/?page_id=26"},"modified":"2026-02-01T14:22:56","modified_gmt":"2026-02-01T11:22:56","slug":"grow-paketi-%c9%99n-cox-secil%c9%99n","status":"publish","type":"page","link":"https:\/\/sevdahunbatova.com\/?page_id=26","title":{"rendered":"GROW Paketi  (\u0259n \u00e7ox se\u00e7il\u0259n)"},"content":{"rendered":"\n<p><strong>Daxildir:<\/strong><\/p>\n\n\n\n<ul class=\"wp-block-list\">\n<li>16 post<\/li>\n\n\n\n<li>8 reels<\/li>\n\n\n\n<li>G\u00fcnl\u00fck story plan\u0131<\/li>\n\n\n\n<li>Profil analizi<\/li>\n\n\n\n<li>Reklam \u00fc\u00e7\u00fcn kontent t\u00f6vsiy\u0259si<\/li>\n\n\n\n<li>Ayl\u0131q hesabat<\/li>\n<\/ul>\n\n\n\n<p>\ud83d\udcb0 <strong>Qiym\u0259t:<\/strong> <strong>400 AZN \/ ayl\u0131q<\/strong><\/p>\n\n\n\n<p>\ud83d\udc49 Bu paketl\u0259 m\u0259qs\u0259d: <strong>aktivlik + etibar + sat\u0131\u015f<\/strong><\/p>\n\n\n\n<p><\/p>\n","protected":false},"excerpt":{"rendered":"<p>Daxildir: \ud83d\udcb0 Qiym\u0259t: 400 AZN \/ ayl\u0131q \ud83d\udc49 Bu paketl\u0259 m\u0259qs\u0259d: aktivlik + etibar + sat\u0131\u015f<\/p>\n","protected":false},"author":1,"featured_media":0,"parent":0,"menu_order":0,"comment_status":"closed","ping_status":"closed","template":"","meta":{"footnotes":""},"class_list":["post-26","page","type-page","status-publish","hentry"],"_links":{"self":[{"href":"https:\/\/sevdahunbatova.com\/index.php?rest_route=\/wp\/v2\/pages\/26","targetHints":{"allow":["GET"]}}],"collection":[{"href":"https:\/\/sevdahunbatova.com\/index.php?rest_route=\/wp\/v2\/pages"}],"about":[{"href":"https:\/\/sevdahunbatova.com\/index.php?rest_route=\/wp\/v2\/types\/page"}],"author":[{"embeddable":true,"href":"https:\/\/sevdahunbatova.com\/index.php?rest_route=\/wp\/v2\/users\/1"}],"replies":[{"embeddable":true,"href":"https:\/\/sevdahunbatova.com\/index.php?rest_route=%2Fwp%2Fv2%2Fcomments&post=26"}],"version-history":[{"count":1,"href":"https:\/\/sevdahunbatova.com\/index.php?rest_route=\/wp\/v2\/pages\/26\/revisions"}],"predecessor-version":[{"id":27,"href":"https:\/\/sevdahunbatova.com\/index.php?rest_route=\/wp\/v2\/pages\/26\/revisions\/27"}],"wp:attachment":[{"href":"https:\/\/sevdahunbatova.com\/index.php?rest_route=%2Fwp%2Fv2%2Fmedia&parent=26"}],"curies":[{"name":"wp","href":"https:\/\/api.w.org\/{rel}","templated":true}]}}