{"id":28,"date":"2026-02-01T14:25:27","date_gmt":"2026-02-01T11:25:27","guid":{"rendered":"https:\/\/sevdahunbatova.com\/?page_id=28"},"modified":"2026-02-01T14:25:30","modified_gmt":"2026-02-01T11:25:30","slug":"pro-paketi","status":"publish","type":"page","link":"https:\/\/sevdahunbatova.com\/?page_id=28","title":{"rendered":"PRO Paketi"},"content":{"rendered":"\n<p><strong>Daxildir:<\/strong><\/p>\n\n\n\n<ul class=\"wp-block-list\">\n<li>20\u201324 post<\/li>\n\n\n\n<li>12 reels<\/li>\n\n\n\n<li>G\u00fcnl\u00fck story payla\u015f\u0131mlar\u0131<\/li>\n\n\n\n<li>Reklam kampaniyas\u0131n\u0131n idar\u0259si<\/li>\n\n\n\n<li>DM strategiyas\u0131<\/li>\n\n\n\n<li>Ayl\u0131q analiz + inki\u015faf plan\u0131<\/li>\n<\/ul>\n\n\n\n<p>\ud83d\udcb0 <strong>Qiym\u0259t:<\/strong> <strong>600 AZN \/ ayl\u0131q<\/strong><\/p>\n\n\n\n<p><strong>REKLAM B\u00dcDC\u018fS\u0130 AYRI \u00d6D\u018fN\u0130L\u0130R<\/strong>\u2757<\/p>\n","protected":false},"excerpt":{"rendered":"<p>Daxildir: \ud83d\udcb0 Qiym\u0259t: 600 AZN \/ ayl\u0131q REKLAM B\u00dcDC\u018fS\u0130 AYRI \u00d6D\u018fN\u0130L\u0130R\u2757<\/p>\n","protected":false},"author":1,"featured_media":0,"parent":0,"menu_order":0,"comment_status":"closed","ping_status":"closed","template":"","meta":{"footnotes":""},"class_list":["post-28","page","type-page","status-publish","hentry"],"_links":{"self":[{"href":"https:\/\/sevdahunbatova.com\/index.php?rest_route=\/wp\/v2\/pages\/28","targetHints":{"allow":["GET"]}}],"collection":[{"href":"https:\/\/sevdahunbatova.com\/index.php?rest_route=\/wp\/v2\/pages"}],"about":[{"href":"https:\/\/sevdahunbatova.com\/index.php?rest_route=\/wp\/v2\/types\/page"}],"author":[{"embeddable":true,"href":"https:\/\/sevdahunbatova.com\/index.php?rest_route=\/wp\/v2\/users\/1"}],"replies":[{"embeddable":true,"href":"https:\/\/sevdahunbatova.com\/index.php?rest_route=%2Fwp%2Fv2%2Fcomments&post=28"}],"version-history":[{"count":1,"href":"https:\/\/sevdahunbatova.com\/index.php?rest_route=\/wp\/v2\/pages\/28\/revisions"}],"predecessor-version":[{"id":29,"href":"https:\/\/sevdahunbatova.com\/index.php?rest_route=\/wp\/v2\/pages\/28\/revisions\/29"}],"wp:attachment":[{"href":"https:\/\/sevdahunbatova.com\/index.php?rest_route=%2Fwp%2Fv2%2Fmedia&parent=28"}],"curies":[{"name":"wp","href":"https:\/\/api.w.org\/{rel}","templated":true}]}}